{"id":83,"date":"2025-10-24T13:04:12","date_gmt":"2025-10-24T18:04:12","guid":{"rendered":"https:\/\/hotpink-woodpecker-743695.hostingersite.com\/?post_type=product&#038;p=83"},"modified":"2026-03-21T05:55:15","modified_gmt":"2026-03-21T10:55:15","slug":"gafas-clasicas-tattoo-vision-negro-mate-gafas-polarizadas-para-tatuadores","status":"publish","type":"product","link":"https:\/\/tattoovision.com\/eng\/product\/gafas-clasicas-tattoo-vision-negro-mate-gafas-polarizadas-para-tatuadores\/","title":{"rendered":"Gafas Cl\u00e1sicas | Tattoo Vision"},"content":{"rendered":"<p>Nuestras <strong>Gafas Cl\u00e1sicas | Tattoo Vision<\/strong> son nuestra primera versi\u00f3n y la m\u00e1s vendida, dise\u00f1ada para una versatilidad m\u00e1xima. Es la soluci\u00f3n definitiva para artistas que usan lentes graduados.<\/p>\n<p>Su sistema 2-en-1 funciona as\u00ed:<\/p>\n<ol>\n<li><b>Marco Base:<\/b> Un marco de TR90 ligero con lentes neutros. Puedes (y debes) llevar este marco a tu \u00f3ptica para que monten tus lentes graduados (tu f\u00f3rmula).<\/li>\n<li><b>Clip-on Magn\u00e9tico:<\/b> Un sobre-lente polarizado Tattoo Vision\u00ae que se acopla magn\u00e9ticamente al marco base en un segundo.<\/li>\n<\/ol>\n<p>Este kit combina las gafas Focus (Marco + Clip-on) con nuestra Luz LED Polarizada para <b>cancelar totalmente los reflejos<\/b>, permiti\u00e9ndote trabajar con tu f\u00f3rmula \u00f3ptica y sin fatiga visual.<\/p>\n<h4><b>\u00bfQu\u00e9 incluye Gafas Cl\u00e1sicas | Tattoo Vision?<\/b><\/h4>\n<ol>\n<li>Gafas Tattoo Vision\u00ae &#8211; Cl\u00e1sicas (Marco TR90 + Clip-on Magn\u00e9tico)<\/li>\n<\/ol>","protected":false},"excerpt":{"rendered":"<p>El dise\u00f1o original y m\u00e1s vers\u00e1til. Nuestras <strong>Gafas Cl\u00e1sicas | Tattoo Vision<\/strong>\u00a0cuentan con un <b>clip-on magn\u00e9tico<\/b> sobre un marco base de TR90.<\/p>\n<p><b>Perfecto si usas lentes graduados.<\/b><\/p>\n<p>Si llevas el <b>sistema completo<\/b> para eliminar el 100% de los reflejos. <strong>Selecciona &#8216;Kit Completo&#8217;<\/strong> para obtener las Gafas Cl\u00e1sicas (con su clip-on) + Luz LED + Articulaciones.<\/p>\n<p><i>(La opci\u00f3n &#8216;Solo Gafas&#8217; es para reposici\u00f3n).<\/i><\/p>","protected":false},"featured_media":779,"comment_status":"open","ping_status":"closed","template":"","meta":{"_acf_changed":false,"_uag_custom_page_level_css":"","site-sidebar-layout":"default","site-content-layout":"","ast-site-content-layout":"default","site-content-style":"default","site-sidebar-style":"default","ast-global-header-display":"","ast-banner-title-visibility":"","ast-main-header-display":"","ast-hfb-above-header-display":"","ast-hfb-below-header-display":"","ast-hfb-mobile-header-display":"","site-post-title":"","ast-breadcrumbs-content":"","ast-featured-img":"","footer-sml-layout":"","ast-disable-related-posts":"","theme-transparent-header-meta":"default","adv-header-id-meta":"","stick-header-meta":"default","header-above-stick-meta":"","header-main-stick-meta":"","header-below-stick-meta":"","astra-migrate-meta-layouts":"set","ast-page-background-enabled":"default","ast-page-background-meta":{"desktop":{"background-color":"var(--ast-global-color-5)","background-image":"","background-repeat":"repeat","background-position":"center center","background-size":"auto","background-attachment":"scroll","background-type":"","background-media":"","overlay-type":"","overlay-color":"","overlay-opacity":"","overlay-gradient":""},"tablet":{"background-color":"","background-image":"","background-repeat":"repeat","background-position":"center center","background-size":"auto","background-attachment":"scroll","background-type":"","background-media":"","overlay-type":"","overlay-color":"","overlay-opacity":"","overlay-gradient":""},"mobile":{"background-color":"","background-image":"","background-repeat":"repeat","background-position":"center center","background-size":"auto","background-attachment":"scroll","background-type":"","background-media":"","overlay-type":"","overlay-color":"","overlay-opacity":"","overlay-gradient":""}},"ast-content-background-meta":{"desktop":{"background-color":"var(--ast-global-color-4)","background-image":"","background-repeat":"repeat","background-position":"center center","background-size":"auto","background-attachment":"scroll","background-type":"","background-media":"","overlay-type":"","overlay-color":"","overlay-opacity":"","overlay-gradient":""},"tablet":{"background-color":"var(--ast-global-color-4)","background-image":"","background-repeat":"repeat","background-position":"center center","background-size":"auto","background-attachment":"scroll","background-type":"","background-media":"","overlay-type":"","overlay-color":"","overlay-opacity":"","overlay-gradient":""},"mobile":{"background-color":"var(--ast-global-color-4)","background-image":"","background-repeat":"repeat","background-position":"center center","background-size":"auto","background-attachment":"scroll","background-type":"","background-media":"","overlay-type":"","overlay-color":"","overlay-opacity":"","overlay-gradient":""}},"_joinchat":[]},"product_brand":[18],"product_cat":[15,26],"product_tag":[],"class_list":{"0":"post-83","1":"product","2":"type-product","3":"status-publish","4":"has-post-thumbnail","6":"product_brand-tattoo-vision","7":"product_cat-gafas-para-tatuadores","8":"product_cat-gafas","9":"desktop-align-left","10":"tablet-align-left","11":"mobile-align-left","12":"ast-product-gallery-layout-horizontal-slider","13":"ast-product-tabs-layout-accordion","15":"first","16":"instock","17":"sold-individually","18":"shipping-taxable","19":"purchasable","20":"product-type-simple"},"acf":[],"uagb_featured_image_src":{"full":["https:\/\/tattoovision.com\/wp-content\/uploads\/2025\/10\/Tattoo-Vision-Focus-V3.webp",1080,1350,false],"thumbnail":["https:\/\/tattoovision.com\/wp-content\/uploads\/2025\/10\/Tattoo-Vision-Focus-V3-150x150.webp",150,150,true],"medium":["https:\/\/tattoovision.com\/wp-content\/uploads\/2025\/10\/Tattoo-Vision-Focus-V3-240x300.webp",240,300,true],"medium_large":["https:\/\/tattoovision.com\/wp-content\/uploads\/2025\/10\/Tattoo-Vision-Focus-V3-768x960.webp",768,960,true],"large":["https:\/\/tattoovision.com\/wp-content\/uploads\/2025\/10\/Tattoo-Vision-Focus-V3-819x1024.webp",819,1024,true],"1536x1536":["https:\/\/tattoovision.com\/wp-content\/uploads\/2025\/10\/Tattoo-Vision-Focus-V3.webp",1080,1350,false],"2048x2048":["https:\/\/tattoovision.com\/wp-content\/uploads\/2025\/10\/Tattoo-Vision-Focus-V3.webp",1080,1350,false],"trp-custom-language-flag":["https:\/\/tattoovision.com\/wp-content\/uploads\/2025\/10\/Tattoo-Vision-Focus-V3-10x12.webp",10,12,true],"woocommerce_thumbnail":["https:\/\/tattoovision.com\/wp-content\/uploads\/2025\/10\/Tattoo-Vision-Focus-V3-400x400.webp",400,400,true],"woocommerce_single":["https:\/\/tattoovision.com\/wp-content\/uploads\/2025\/10\/Tattoo-Vision-Focus-V3-700x875.webp",700,875,true],"woocommerce_gallery_thumbnail":["https:\/\/tattoovision.com\/wp-content\/uploads\/2025\/10\/Tattoo-Vision-Focus-V3-100x100.webp",100,100,true]},"uagb_author_info":{"display_name":"Duedyn Carrillo","author_link":"https:\/\/tattoovision.com\/eng\/author\/"},"uagb_comment_info":0,"uagb_excerpt":"El dise\u00f1o original y m\u00e1s vers\u00e1til. Nuestras Gafas Cl\u00e1sicas | Tattoo Vision\u00a0cuentan con un clip-on magn\u00e9tico sobre un marco base de TR90. Perfecto si usas lentes graduados. Si llevas el sistema completo para eliminar el 100% de los reflejos. Selecciona 'Kit Completo' para obtener las Gafas Cl\u00e1sicas (con su clip-on) + Luz LED + Articulaciones.&hellip;","jetpack_sharing_enabled":true,"_links":{"self":[{"href":"https:\/\/tattoovision.com\/eng\/wp-json\/wp\/v2\/product\/83","targetHints":{"allow":["GET"]}}],"collection":[{"href":"https:\/\/tattoovision.com\/eng\/wp-json\/wp\/v2\/product"}],"about":[{"href":"https:\/\/tattoovision.com\/eng\/wp-json\/wp\/v2\/types\/product"}],"replies":[{"embeddable":true,"href":"https:\/\/tattoovision.com\/eng\/wp-json\/wp\/v2\/comments?post=83"}],"version-history":[{"count":1,"href":"https:\/\/tattoovision.com\/eng\/wp-json\/wp\/v2\/product\/83\/revisions"}],"predecessor-version":[{"id":2525,"href":"https:\/\/tattoovision.com\/eng\/wp-json\/wp\/v2\/product\/83\/revisions\/2525"}],"wp:featuredmedia":[{"embeddable":true,"href":"https:\/\/tattoovision.com\/eng\/wp-json\/wp\/v2\/media\/779"}],"wp:attachment":[{"href":"https:\/\/tattoovision.com\/eng\/wp-json\/wp\/v2\/media?parent=83"}],"wp:term":[{"taxonomy":"product_brand","embeddable":true,"href":"https:\/\/tattoovision.com\/eng\/wp-json\/wp\/v2\/product_brand?post=83"},{"taxonomy":"product_cat","embeddable":true,"href":"https:\/\/tattoovision.com\/eng\/wp-json\/wp\/v2\/product_cat?post=83"},{"taxonomy":"product_tag","embeddable":true,"href":"https:\/\/tattoovision.com\/eng\/wp-json\/wp\/v2\/product_tag?post=83"}],"curies":[{"name":"wp","href":"https:\/\/api.w.org\/{rel}","templated":true}]}}