{"id":428,"date":"2025-11-05T21:42:18","date_gmt":"2025-11-06T02:42:18","guid":{"rendered":"https:\/\/hotpink-woodpecker-743695.hostingersite.com\/?post_type=product&#038;p=428"},"modified":"2026-04-01T09:57:02","modified_gmt":"2026-04-01T14:57:02","slug":"kit-tattoo-vision-con-tripode-viajero","status":"publish","type":"product","link":"https:\/\/tattoovision.com\/eng\/product\/kit-tattoo-vision-con-tripode-viajero\/","title":{"rendered":"Tattoo Vision Kit with Travel Tripod"},"content":{"rendered":"<p><strong>El Kit Tattoo Vision con Tr\u00edpode Viajero Incluye:<\/strong><\/p>\n<ol>\n<li>Gafas polarizadas<\/li>\n<li>Luz led polarizada<\/li>\n<li>Articulaciones de movimiento<\/li>\n<li>Tripode<\/li>\n<\/ol>\n<p>Hern\u00e1n Yepes desarroll\u00f3 una adaptaci\u00f3n\u00a0 despu\u00e9s de investigar diferentes herramientas, combinando diversos materiales ya existentes, Creando as\u00ed un conjunto integral y funcional especializado para tatuadores<\/p>\n<p>Al usar\u00a0<strong>Tattoo Vision<\/strong>\u00a0potenciar\u00e1s tu percepci\u00f3n visual y podr\u00e1s percibir con m\u00e1s detalle las transiciones, degradados, empates, texturas, la solidez del color y el estado de la piel, permitiendo una mejora progresiva en tus piezas y en el resultado final del tatuaje sin tener que esperar a que el proceso de cicatrizaci\u00f3n termine para identificar posibles aspectos a mejorar.<\/p>","protected":false},"excerpt":{"rendered":"<p>Nuestro <strong>Tattoo Vision Kit with Travel Tripod<\/strong> Es un sistema innovador de tecnolog\u00eda polarizada dise\u00f1ado espec\u00edficamente para tatuadores.<\/p>\n<p>This system includes a kit made up of several essential tools that significantly improve visual quality and precision during the tattooing process.<\/p>","protected":false},"featured_media":1035,"comment_status":"open","ping_status":"closed","template":"","meta":{"_acf_changed":false,"_uag_custom_page_level_css":"","site-sidebar-layout":"default","site-content-layout":"","ast-site-content-layout":"default","site-content-style":"default","site-sidebar-style":"default","ast-global-header-display":"","ast-banner-title-visibility":"","ast-main-header-display":"","ast-hfb-above-header-display":"","ast-hfb-below-header-display":"","ast-hfb-mobile-header-display":"","site-post-title":"","ast-breadcrumbs-content":"","ast-featured-img":"","footer-sml-layout":"","ast-disable-related-posts":"","theme-transparent-header-meta":"default","adv-header-id-meta":"","stick-header-meta":"default","header-above-stick-meta":"","header-main-stick-meta":"","header-below-stick-meta":"","astra-migrate-meta-layouts":"set","ast-page-background-enabled":"default","ast-page-background-meta":{"desktop":{"background-color":"var(--ast-global-color-5)","background-image":"","background-repeat":"repeat","background-position":"center center","background-size":"auto","background-attachment":"scroll","background-type":"","background-media":"","overlay-type":"","overlay-color":"","overlay-opacity":"","overlay-gradient":""},"tablet":{"background-color":"","background-image":"","background-repeat":"repeat","background-position":"center center","background-size":"auto","background-attachment":"scroll","background-type":"","background-media":"","overlay-type":"","overlay-color":"","overlay-opacity":"","overlay-gradient":""},"mobile":{"background-color":"","background-image":"","background-repeat":"repeat","background-position":"center center","background-size":"auto","background-attachment":"scroll","background-type":"","background-media":"","overlay-type":"","overlay-color":"","overlay-opacity":"","overlay-gradient":""}},"ast-content-background-meta":{"desktop":{"background-color":"var(--ast-global-color-4)","background-image":"","background-repeat":"repeat","background-position":"center center","background-size":"auto","background-attachment":"scroll","background-type":"","background-media":"","overlay-type":"","overlay-color":"","overlay-opacity":"","overlay-gradient":""},"tablet":{"background-color":"var(--ast-global-color-4)","background-image":"","background-repeat":"repeat","background-position":"center center","background-size":"auto","background-attachment":"scroll","background-type":"","background-media":"","overlay-type":"","overlay-color":"","overlay-opacity":"","overlay-gradient":""},"mobile":{"background-color":"var(--ast-global-color-4)","background-image":"","background-repeat":"repeat","background-position":"center center","background-size":"auto","background-attachment":"scroll","background-type":"","background-media":"","overlay-type":"","overlay-color":"","overlay-opacity":"","overlay-gradient":""}},"_joinchat":[]},"product_brand":[18],"product_cat":[15,25,26],"product_tag":[],"class_list":{"0":"post-428","1":"product","2":"type-product","3":"status-publish","4":"has-post-thumbnail","6":"product_brand-tattoo-vision","7":"product_cat-gafas-para-tatuadores","8":"product_cat-accesorios","9":"product_cat-gafas","10":"desktop-align-left","11":"tablet-align-left","12":"mobile-align-left","13":"ast-product-gallery-layout-horizontal-slider","14":"ast-product-tabs-layout-accordion","16":"first","17":"instock","18":"sold-individually","19":"shipping-taxable","20":"purchasable","21":"product-type-simple"},"acf":[],"uagb_featured_image_src":{"full":["https:\/\/tattoovision.com\/wp-content\/uploads\/2025\/11\/Kit-Tattoo-Vision-con-Tripode-Gafas.webp",1080,1350,false],"thumbnail":["https:\/\/tattoovision.com\/wp-content\/uploads\/2025\/11\/Kit-Tattoo-Vision-con-Tripode-Gafas-150x150.webp",150,150,true],"medium":["https:\/\/tattoovision.com\/wp-content\/uploads\/2025\/11\/Kit-Tattoo-Vision-con-Tripode-Gafas-240x300.webp",240,300,true],"medium_large":["https:\/\/tattoovision.com\/wp-content\/uploads\/2025\/11\/Kit-Tattoo-Vision-con-Tripode-Gafas-768x960.webp",768,960,true],"large":["https:\/\/tattoovision.com\/wp-content\/uploads\/2025\/11\/Kit-Tattoo-Vision-con-Tripode-Gafas-819x1024.webp",819,1024,true],"1536x1536":["https:\/\/tattoovision.com\/wp-content\/uploads\/2025\/11\/Kit-Tattoo-Vision-con-Tripode-Gafas.webp",1080,1350,false],"2048x2048":["https:\/\/tattoovision.com\/wp-content\/uploads\/2025\/11\/Kit-Tattoo-Vision-con-Tripode-Gafas.webp",1080,1350,false],"trp-custom-language-flag":["https:\/\/tattoovision.com\/wp-content\/uploads\/2025\/11\/Kit-Tattoo-Vision-con-Tripode-Gafas-10x12.webp",10,12,true],"woocommerce_thumbnail":["https:\/\/tattoovision.com\/wp-content\/uploads\/2025\/11\/Kit-Tattoo-Vision-con-Tripode-Gafas-400x400.webp",400,400,true],"woocommerce_single":["https:\/\/tattoovision.com\/wp-content\/uploads\/2025\/11\/Kit-Tattoo-Vision-con-Tripode-Gafas-700x875.webp",700,875,true],"woocommerce_gallery_thumbnail":["https:\/\/tattoovision.com\/wp-content\/uploads\/2025\/11\/Kit-Tattoo-Vision-con-Tripode-Gafas-100x100.webp",100,100,true]},"uagb_author_info":{"display_name":"Duedyn Carrillo","author_link":"https:\/\/tattoovision.com\/eng\/author\/"},"uagb_comment_info":34,"uagb_excerpt":"Nuestro Kit Tattoo Vision con Tr\u00edpode Viajero Es un sistema innovador de tecnolog\u00eda polarizada dise\u00f1ado espec\u00edficamente para tatuadores. Este sistema incluye un kit compuesto por varias herramientas indispensables que mejoran significativamente la calidad visual y la precisi\u00f3n durante el proceso de tatuaje.","jetpack_sharing_enabled":true,"_links":{"self":[{"href":"https:\/\/tattoovision.com\/eng\/wp-json\/wp\/v2\/product\/428","targetHints":{"allow":["GET"]}}],"collection":[{"href":"https:\/\/tattoovision.com\/eng\/wp-json\/wp\/v2\/product"}],"about":[{"href":"https:\/\/tattoovision.com\/eng\/wp-json\/wp\/v2\/types\/product"}],"replies":[{"embeddable":true,"href":"https:\/\/tattoovision.com\/eng\/wp-json\/wp\/v2\/comments?post=428"}],"version-history":[{"count":1,"href":"https:\/\/tattoovision.com\/eng\/wp-json\/wp\/v2\/product\/428\/revisions"}],"predecessor-version":[{"id":2524,"href":"https:\/\/tattoovision.com\/eng\/wp-json\/wp\/v2\/product\/428\/revisions\/2524"}],"wp:featuredmedia":[{"embeddable":true,"href":"https:\/\/tattoovision.com\/eng\/wp-json\/wp\/v2\/media\/1035"}],"wp:attachment":[{"href":"https:\/\/tattoovision.com\/eng\/wp-json\/wp\/v2\/media?parent=428"}],"wp:term":[{"taxonomy":"product_brand","embeddable":true,"href":"https:\/\/tattoovision.com\/eng\/wp-json\/wp\/v2\/product_brand?post=428"},{"taxonomy":"product_cat","embeddable":true,"href":"https:\/\/tattoovision.com\/eng\/wp-json\/wp\/v2\/product_cat?post=428"},{"taxonomy":"product_tag","embeddable":true,"href":"https:\/\/tattoovision.com\/eng\/wp-json\/wp\/v2\/product_tag?post=428"}],"curies":[{"name":"wp","href":"https:\/\/api.w.org\/{rel}","templated":true}]}}