{"id":2790,"date":"2026-04-15T19:18:30","date_gmt":"2026-04-16T00:18:30","guid":{"rendered":"https:\/\/tattoovision.com\/?post_type=product&#038;p=2790"},"modified":"2026-04-15T21:35:15","modified_gmt":"2026-04-16T02:35:15","slug":"gafas-maestro-ii-tattoo-vision","status":"publish","type":"product","link":"https:\/\/tattoovision.com\/eng\/product\/gafas-maestro-ii-tattoo-vision\/","title":{"rendered":"Gafas Maestro II | Tattoo Vision\u00ae"},"content":{"rendered":"<p>Las <strong>Gafas Maestro II | Tattoo Vision\u00ae <\/strong>es una declaraci\u00f3n de intenciones. Inspirado en el dise\u00f1o &#8220;Navigator&#8221; de doble puente, es para el tatuador que lidera, ense\u00f1a y ha perfeccionado su arte.<\/p>\n<p data-path-to-node=\"18,1\">Su estructura de Titanio en acabado dorado combina ligereza extrema con una est\u00e9tica <i>premium<\/i>. Ofrece un campo de visi\u00f3n amplio, ideal para piezas grandes, y una presencia inconfundible en el estudio.<\/p>\n<p data-path-to-node=\"18,2\">Este kit combina las gafas Maestro con nuestra Luz LED Polarizada para <b>cancelar totalmente los reflejos<\/b> de la piel, permiti\u00e9ndote trabajar con una postura saludable y sin fatiga visual.<\/p>\n<p data-path-to-node=\"18,3\"><b>\u00bfQu\u00e9 incluyen las Gafas &#8220;Maestro II&#8221;?<\/b><\/p>\n<ol start=\"1\" data-path-to-node=\"18,4\">\n<li>\n<p data-path-to-node=\"18,4,0,0\">Gafas Tattoo Vision\u00ae &#8211; Maestro (Dorado)<\/p>\n<\/li>\n<\/ol>","protected":false},"excerpt":{"rendered":"<p>Conoce nuestras <strong>Gafas Maestro II | Tattoo Vision<\/strong>.<\/p>\n<p><strong>Si no posees nuestro sistema completo<\/strong> te invitamos a a\u00f1adir al carrito nuestro \u201c<strong>Luz led + Articulaciones + Tripode<\/strong>\u201d para obtener las Gafas Maestro con todo su potencial.<\/p>","protected":false},"featured_media":2791,"comment_status":"open","ping_status":"closed","template":"","meta":{"_acf_changed":false,"_uag_custom_page_level_css":"","site-sidebar-layout":"default","site-content-layout":"","ast-site-content-layout":"default","site-content-style":"default","site-sidebar-style":"default","ast-global-header-display":"","ast-banner-title-visibility":"","ast-main-header-display":"","ast-hfb-above-header-display":"","ast-hfb-below-header-display":"","ast-hfb-mobile-header-display":"","site-post-title":"","ast-breadcrumbs-content":"","ast-featured-img":"","footer-sml-layout":"","ast-disable-related-posts":"","theme-transparent-header-meta":"default","adv-header-id-meta":"","stick-header-meta":"default","header-above-stick-meta":"","header-main-stick-meta":"","header-below-stick-meta":"","astra-migrate-meta-layouts":"set","ast-page-background-enabled":"default","ast-page-background-meta":{"desktop":{"background-color":"var(--ast-global-color-5)","background-image":"","background-repeat":"repeat","background-position":"center center","background-size":"auto","background-attachment":"scroll","background-type":"","background-media":"","overlay-type":"","overlay-color":"","overlay-opacity":"","overlay-gradient":""},"tablet":{"background-color":"","background-image":"","background-repeat":"repeat","background-position":"center center","background-size":"auto","background-attachment":"scroll","background-type":"","background-media":"","overlay-type":"","overlay-color":"","overlay-opacity":"","overlay-gradient":""},"mobile":{"background-color":"","background-image":"","background-repeat":"repeat","background-position":"center center","background-size":"auto","background-attachment":"scroll","background-type":"","background-media":"","overlay-type":"","overlay-color":"","overlay-opacity":"","overlay-gradient":""}},"ast-content-background-meta":{"desktop":{"background-color":"var(--ast-global-color-4)","background-image":"","background-repeat":"repeat","background-position":"center center","background-size":"auto","background-attachment":"scroll","background-type":"","background-media":"","overlay-type":"","overlay-color":"","overlay-opacity":"","overlay-gradient":""},"tablet":{"background-color":"var(--ast-global-color-4)","background-image":"","background-repeat":"repeat","background-position":"center center","background-size":"auto","background-attachment":"scroll","background-type":"","background-media":"","overlay-type":"","overlay-color":"","overlay-opacity":"","overlay-gradient":""},"mobile":{"background-color":"var(--ast-global-color-4)","background-image":"","background-repeat":"repeat","background-position":"center center","background-size":"auto","background-attachment":"scroll","background-type":"","background-media":"","overlay-type":"","overlay-color":"","overlay-opacity":"","overlay-gradient":""}},"_joinchat":[]},"product_brand":[18],"product_cat":[15,26],"product_tag":[],"class_list":{"0":"post-2790","1":"product","2":"type-product","3":"status-publish","4":"has-post-thumbnail","6":"product_brand-tattoo-vision","7":"product_cat-gafas-para-tatuadores","8":"product_cat-gafas","9":"desktop-align-left","10":"tablet-align-left","11":"mobile-align-left","12":"ast-product-gallery-layout-horizontal-slider","13":"ast-product-tabs-layout-accordion","15":"first","16":"instock","17":"sold-individually","18":"shipping-taxable","19":"purchasable","20":"product-type-simple"},"acf":[],"uagb_featured_image_src":{"full":["https:\/\/tattoovision.com\/wp-content\/uploads\/2026\/04\/Maestro-II-1-1.webp",1080,1350,false],"thumbnail":["https:\/\/tattoovision.com\/wp-content\/uploads\/2026\/04\/Maestro-II-1-1-150x150.webp",150,150,true],"medium":["https:\/\/tattoovision.com\/wp-content\/uploads\/2026\/04\/Maestro-II-1-1-240x300.webp",240,300,true],"medium_large":["https:\/\/tattoovision.com\/wp-content\/uploads\/2026\/04\/Maestro-II-1-1-768x960.webp",768,960,true],"large":["https:\/\/tattoovision.com\/wp-content\/uploads\/2026\/04\/Maestro-II-1-1-819x1024.webp",819,1024,true],"1536x1536":["https:\/\/tattoovision.com\/wp-content\/uploads\/2026\/04\/Maestro-II-1-1.webp",1080,1350,false],"2048x2048":["https:\/\/tattoovision.com\/wp-content\/uploads\/2026\/04\/Maestro-II-1-1.webp",1080,1350,false],"trp-custom-language-flag":["https:\/\/tattoovision.com\/wp-content\/uploads\/2026\/04\/Maestro-II-1-1-10x12.webp",10,12,true],"woocommerce_thumbnail":["https:\/\/tattoovision.com\/wp-content\/uploads\/2026\/04\/Maestro-II-1-1-400x400.webp",400,400,true],"woocommerce_single":["https:\/\/tattoovision.com\/wp-content\/uploads\/2026\/04\/Maestro-II-1-1-700x875.webp",700,875,true],"woocommerce_gallery_thumbnail":["https:\/\/tattoovision.com\/wp-content\/uploads\/2026\/04\/Maestro-II-1-1-100x100.webp",100,100,true]},"uagb_author_info":{"display_name":"Duedyn Carrillo","author_link":"https:\/\/tattoovision.com\/eng\/author\/"},"uagb_comment_info":0,"uagb_excerpt":"Conoce nuestras Gafas Maestro II | Tattoo Vision. Si no posees nuestro sistema completo te invitamos a a\u00f1adir al carrito nuestro \u201cLuz led + Articulaciones + Tripode\u201d para obtener las Gafas Maestro con todo su potencial.","jetpack_sharing_enabled":true,"_links":{"self":[{"href":"https:\/\/tattoovision.com\/eng\/wp-json\/wp\/v2\/product\/2790","targetHints":{"allow":["GET"]}}],"collection":[{"href":"https:\/\/tattoovision.com\/eng\/wp-json\/wp\/v2\/product"}],"about":[{"href":"https:\/\/tattoovision.com\/eng\/wp-json\/wp\/v2\/types\/product"}],"replies":[{"embeddable":true,"href":"https:\/\/tattoovision.com\/eng\/wp-json\/wp\/v2\/comments?post=2790"}],"version-history":[{"count":1,"href":"https:\/\/tattoovision.com\/eng\/wp-json\/wp\/v2\/product\/2790\/revisions"}],"predecessor-version":[{"id":2793,"href":"https:\/\/tattoovision.com\/eng\/wp-json\/wp\/v2\/product\/2790\/revisions\/2793"}],"wp:featuredmedia":[{"embeddable":true,"href":"https:\/\/tattoovision.com\/eng\/wp-json\/wp\/v2\/media\/2791"}],"wp:attachment":[{"href":"https:\/\/tattoovision.com\/eng\/wp-json\/wp\/v2\/media?parent=2790"}],"wp:term":[{"taxonomy":"product_brand","embeddable":true,"href":"https:\/\/tattoovision.com\/eng\/wp-json\/wp\/v2\/product_brand?post=2790"},{"taxonomy":"product_cat","embeddable":true,"href":"https:\/\/tattoovision.com\/eng\/wp-json\/wp\/v2\/product_cat?post=2790"},{"taxonomy":"product_tag","embeddable":true,"href":"https:\/\/tattoovision.com\/eng\/wp-json\/wp\/v2\/product_tag?post=2790"}],"curies":[{"name":"wp","href":"https:\/\/api.w.org\/{rel}","templated":true}]}}