{"id":1093,"date":"2025-11-24T09:23:35","date_gmt":"2025-11-24T14:23:35","guid":{"rendered":"https:\/\/tattoovision.com\/?post_type=product&#038;p=1093"},"modified":"2026-03-21T10:44:12","modified_gmt":"2026-03-21T15:44:12","slug":"gafas-filigrana-tattoo-vision","status":"publish","type":"product","link":"https:\/\/tattoovision.com\/eng\/product\/gafas-filigrana-tattoo-vision\/","title":{"rendered":"Gafas Filigrana | Tattoo Vision\u00ae"},"content":{"rendered":"<p data-path-to-node=\"52,0\">El modelo de <strong>Gafas Filigrana| Tattoo Vision\u00ae<\/strong>\u00a0rinde homenaje al arte del detalle. Su nombre proviene de la t\u00e9cnica de orfebrer\u00eda, reflejada en su est\u00e9tica <i>vintage<\/i> y art\u00edstica.<\/p>\n<p data-path-to-node=\"42,1\">La combinaci\u00f3n del Titanio en acabado cristal (transparente) y detalles en plata le da un toque \u00fanico. Es la gafa perfecta para el tatuador especializado en <i>fine line<\/i> y micro-realismo.<\/p>\n<p data-path-to-node=\"42,2\">Combina las gafas Filigrana con nuestra Luz LED Polarizada para <b>cancelar totalmente los reflejos<\/b> de la piel, permiti\u00e9ndote ver los detalles m\u00e1s sutiles sin esfuerzo.<\/p>\n<p data-path-to-node=\"42,3\"><b>\u00bfQu\u00e9 incluye las gafas &#8220;Filigrana&#8221;?<\/b><\/p>\n<ol start=\"1\" data-path-to-node=\"42,4\">\n<li>\n<p data-path-to-node=\"42,4,0,0\">Gafas Tattoo Vision\u00ae &#8211; Filigrana (Plata\/Cristal)<\/p>\n<\/li>\n<\/ol>","protected":false},"excerpt":{"rendered":"<p data-path-to-node=\"60,0\">Nuestras <strong>Gafas Filigrana | Tattoo Vision<\/strong> son para los amante del detalle. Un dise\u00f1o art\u00edstico con marco en Titanio en acabado plata\/cristal que evoca la orfebrer\u00eda.<\/p>\n<p data-path-to-node=\"60,1\">Puedes llevar el <b>sistema completo<\/b> para eliminar el 100% de los reflejos y la fatiga visual.<\/p>\n<p data-path-to-node=\"60,2\"><strong>Si no posees nuestro sistema<\/strong> te invitamos a a\u00f1adir al carrito nuestro \u201c<strong>Luz led + Articulaciones + Tripode<\/strong>\u201d para obtener las Gafas Filigrana con todo su potencial.<\/p>","protected":false},"featured_media":1879,"comment_status":"open","ping_status":"closed","template":"","meta":{"_acf_changed":false,"_uag_custom_page_level_css":"","site-sidebar-layout":"default","site-content-layout":"","ast-site-content-layout":"default","site-content-style":"default","site-sidebar-style":"default","ast-global-header-display":"","ast-banner-title-visibility":"","ast-main-header-display":"","ast-hfb-above-header-display":"","ast-hfb-below-header-display":"","ast-hfb-mobile-header-display":"","site-post-title":"","ast-breadcrumbs-content":"","ast-featured-img":"","footer-sml-layout":"","ast-disable-related-posts":"","theme-transparent-header-meta":"default","adv-header-id-meta":"","stick-header-meta":"default","header-above-stick-meta":"","header-main-stick-meta":"","header-below-stick-meta":"","astra-migrate-meta-layouts":"set","ast-page-background-enabled":"default","ast-page-background-meta":{"desktop":{"background-color":"var(--ast-global-color-5)","background-image":"","background-repeat":"repeat","background-position":"center center","background-size":"auto","background-attachment":"scroll","background-type":"","background-media":"","overlay-type":"","overlay-color":"","overlay-opacity":"","overlay-gradient":""},"tablet":{"background-color":"","background-image":"","background-repeat":"repeat","background-position":"center center","background-size":"auto","background-attachment":"scroll","background-type":"","background-media":"","overlay-type":"","overlay-color":"","overlay-opacity":"","overlay-gradient":""},"mobile":{"background-color":"","background-image":"","background-repeat":"repeat","background-position":"center center","background-size":"auto","background-attachment":"scroll","background-type":"","background-media":"","overlay-type":"","overlay-color":"","overlay-opacity":"","overlay-gradient":""}},"ast-content-background-meta":{"desktop":{"background-color":"var(--ast-global-color-4)","background-image":"","background-repeat":"repeat","background-position":"center center","background-size":"auto","background-attachment":"scroll","background-type":"","background-media":"","overlay-type":"","overlay-color":"","overlay-opacity":"","overlay-gradient":""},"tablet":{"background-color":"var(--ast-global-color-4)","background-image":"","background-repeat":"repeat","background-position":"center center","background-size":"auto","background-attachment":"scroll","background-type":"","background-media":"","overlay-type":"","overlay-color":"","overlay-opacity":"","overlay-gradient":""},"mobile":{"background-color":"var(--ast-global-color-4)","background-image":"","background-repeat":"repeat","background-position":"center center","background-size":"auto","background-attachment":"scroll","background-type":"","background-media":"","overlay-type":"","overlay-color":"","overlay-opacity":"","overlay-gradient":""}},"_joinchat":[]},"product_brand":[18],"product_cat":[15,26],"product_tag":[],"class_list":{"0":"post-1093","1":"product","2":"type-product","3":"status-publish","4":"has-post-thumbnail","6":"product_brand-tattoo-vision","7":"product_cat-gafas-para-tatuadores","8":"product_cat-gafas","9":"desktop-align-left","10":"tablet-align-left","11":"mobile-align-left","12":"ast-product-gallery-layout-horizontal-slider","13":"ast-product-tabs-layout-accordion","15":"first","16":"instock","17":"sold-individually","18":"shipping-taxable","19":"purchasable","20":"product-type-simple"},"acf":[],"uagb_featured_image_src":{"full":["https:\/\/tattoovision.com\/wp-content\/uploads\/2025\/11\/GAFAS-FILIGRANA-I-A.jpg",2048,2560,false],"thumbnail":["https:\/\/tattoovision.com\/wp-content\/uploads\/2025\/11\/GAFAS-FILIGRANA-I-A-150x150.jpg",150,150,true],"medium":["https:\/\/tattoovision.com\/wp-content\/uploads\/2025\/11\/GAFAS-FILIGRANA-I-A-240x300.jpg",240,300,true],"medium_large":["https:\/\/tattoovision.com\/wp-content\/uploads\/2025\/11\/GAFAS-FILIGRANA-I-A-768x960.jpg",768,960,true],"large":["https:\/\/tattoovision.com\/wp-content\/uploads\/2025\/11\/GAFAS-FILIGRANA-I-A-819x1024.jpg",819,1024,true],"1536x1536":["https:\/\/tattoovision.com\/wp-content\/uploads\/2025\/11\/GAFAS-FILIGRANA-I-A-1229x1536.jpg",1229,1536,true],"2048x2048":["https:\/\/tattoovision.com\/wp-content\/uploads\/2025\/11\/GAFAS-FILIGRANA-I-A-1638x2048.jpg",1638,2048,true],"trp-custom-language-flag":["https:\/\/tattoovision.com\/wp-content\/uploads\/2025\/11\/GAFAS-FILIGRANA-I-A-10x12.jpg",10,12,true],"woocommerce_thumbnail":["https:\/\/tattoovision.com\/wp-content\/uploads\/2025\/11\/GAFAS-FILIGRANA-I-A-400x400.jpg",400,400,true],"woocommerce_single":["https:\/\/tattoovision.com\/wp-content\/uploads\/2025\/11\/GAFAS-FILIGRANA-I-A-700x875.jpg",700,875,true],"woocommerce_gallery_thumbnail":["https:\/\/tattoovision.com\/wp-content\/uploads\/2025\/11\/GAFAS-FILIGRANA-I-A-100x100.jpg",100,100,true]},"uagb_author_info":{"display_name":"Duedyn Carrillo","author_link":"https:\/\/tattoovision.com\/eng\/author\/"},"uagb_comment_info":0,"uagb_excerpt":"Nuestras Gafas Filigrana | Tattoo Vision son para los amante del detalle. Un dise\u00f1o art\u00edstico con marco en Titanio en acabado plata\/cristal que evoca la orfebrer\u00eda. Puedes llevar el sistema completo para eliminar el 100% de los reflejos y la fatiga visual. Si no posees nuestro sistema te invitamos a a\u00f1adir al carrito nuestro \u201cLuz&hellip;","jetpack_sharing_enabled":true,"_links":{"self":[{"href":"https:\/\/tattoovision.com\/eng\/wp-json\/wp\/v2\/product\/1093","targetHints":{"allow":["GET"]}}],"collection":[{"href":"https:\/\/tattoovision.com\/eng\/wp-json\/wp\/v2\/product"}],"about":[{"href":"https:\/\/tattoovision.com\/eng\/wp-json\/wp\/v2\/types\/product"}],"replies":[{"embeddable":true,"href":"https:\/\/tattoovision.com\/eng\/wp-json\/wp\/v2\/comments?post=1093"}],"version-history":[{"count":2,"href":"https:\/\/tattoovision.com\/eng\/wp-json\/wp\/v2\/product\/1093\/revisions"}],"predecessor-version":[{"id":2528,"href":"https:\/\/tattoovision.com\/eng\/wp-json\/wp\/v2\/product\/1093\/revisions\/2528"}],"wp:featuredmedia":[{"embeddable":true,"href":"https:\/\/tattoovision.com\/eng\/wp-json\/wp\/v2\/media\/1879"}],"wp:attachment":[{"href":"https:\/\/tattoovision.com\/eng\/wp-json\/wp\/v2\/media?parent=1093"}],"wp:term":[{"taxonomy":"product_brand","embeddable":true,"href":"https:\/\/tattoovision.com\/eng\/wp-json\/wp\/v2\/product_brand?post=1093"},{"taxonomy":"product_cat","embeddable":true,"href":"https:\/\/tattoovision.com\/eng\/wp-json\/wp\/v2\/product_cat?post=1093"},{"taxonomy":"product_tag","embeddable":true,"href":"https:\/\/tattoovision.com\/eng\/wp-json\/wp\/v2\/product_tag?post=1093"}],"curies":[{"name":"wp","href":"https:\/\/api.w.org\/{rel}","templated":true}]}}