{"id":1090,"date":"2025-11-24T08:40:41","date_gmt":"2025-11-24T13:40:41","guid":{"rendered":"https:\/\/tattoovision.com\/?post_type=product&#038;p=1090"},"modified":"2026-03-02T18:56:58","modified_gmt":"2026-03-02T23:56:58","slug":"gafas-liner-tattoo-vision","status":"publish","type":"product","link":"https:\/\/tattoovision.com\/eng\/product\/gafas-liner-tattoo-vision\/","title":{"rendered":"Gafas Liner | Tattoo Vision\u00ae"},"content":{"rendered":"<p data-path-to-node=\"52,0\">El modelo de <strong>Gafas Liner | Tattoo Vision\u00ae <\/strong>es puro rendimiento t\u00e9cnico. Su forma rectangular definida y el acabado sobrio en <i>gunmetal<\/i> (plomo oscuro) le dan un car\u00e1cter profesional y moderno.<\/p>\n<p data-path-to-node=\"62,1\">Su nombre hace referencia a la m\u00e1quina de l\u00edneas; esta gafa est\u00e1 dise\u00f1ada para el artista que busca la perfecci\u00f3n en cada trazo. Ideal para geometr\u00eda, tradicional y blackwork.<\/p>\n<p data-path-to-node=\"62,2\">Este kit combina las gafas Liner con nuestra Luz LED Polarizada para <b>cancelar totalmente los reflejos<\/b>, d\u00e1ndote una visi\u00f3n clara y n\u00edtida de cada l\u00ednea.<\/p>\n<p data-path-to-node=\"62,3\"><b>\u00bfQu\u00e9 incluye el Kit Completo &#8220;Liner&#8221;?<\/b><\/p>\n<ol start=\"1\" data-path-to-node=\"62,4\">\n<li>\n<p data-path-to-node=\"62,4,0,0\">Gafas Tattoo Vision\u00ae &#8211; Liner (Gunmetal)<\/p>\n<\/li>\n<\/ol>","protected":false},"excerpt":{"rendered":"<p data-path-to-node=\"60,0\">Nuestras <strong>Gafas Liner | Tattoo Vision<\/strong> son pura precisi\u00f3n estructural. Un dise\u00f1o t\u00e9cnico, afilado y moderno en Titanio color <i>gunmetal<\/i> (plomo oscuro).<\/p>\n<p data-path-to-node=\"60,1\">Puedes llevar el <b>sistema completo<\/b> para eliminar el 100% de los reflejos y la fatiga visual.<\/p>\n<p data-path-to-node=\"60,2\"><strong>Si no posees nuestro sistema<\/strong> te invitamos a a\u00f1adir al carrito nuestro \u201c<strong>Luz led + Articulaciones + Tripode<\/strong>\u201d para obtener las Gafas Liner con todo su potencial.<\/p>","protected":false},"featured_media":1897,"comment_status":"open","ping_status":"closed","template":"","meta":{"_acf_changed":false,"_uag_custom_page_level_css":"","site-sidebar-layout":"default","site-content-layout":"","ast-site-content-layout":"default","site-content-style":"default","site-sidebar-style":"default","ast-global-header-display":"","ast-banner-title-visibility":"","ast-main-header-display":"","ast-hfb-above-header-display":"","ast-hfb-below-header-display":"","ast-hfb-mobile-header-display":"","site-post-title":"","ast-breadcrumbs-content":"","ast-featured-img":"","footer-sml-layout":"","ast-disable-related-posts":"","theme-transparent-header-meta":"default","adv-header-id-meta":"","stick-header-meta":"default","header-above-stick-meta":"","header-main-stick-meta":"","header-below-stick-meta":"","astra-migrate-meta-layouts":"set","ast-page-background-enabled":"default","ast-page-background-meta":{"desktop":{"background-color":"var(--ast-global-color-5)","background-image":"","background-repeat":"repeat","background-position":"center center","background-size":"auto","background-attachment":"scroll","background-type":"","background-media":"","overlay-type":"","overlay-color":"","overlay-opacity":"","overlay-gradient":""},"tablet":{"background-color":"","background-image":"","background-repeat":"repeat","background-position":"center center","background-size":"auto","background-attachment":"scroll","background-type":"","background-media":"","overlay-type":"","overlay-color":"","overlay-opacity":"","overlay-gradient":""},"mobile":{"background-color":"","background-image":"","background-repeat":"repeat","background-position":"center center","background-size":"auto","background-attachment":"scroll","background-type":"","background-media":"","overlay-type":"","overlay-color":"","overlay-opacity":"","overlay-gradient":""}},"ast-content-background-meta":{"desktop":{"background-color":"var(--ast-global-color-4)","background-image":"","background-repeat":"repeat","background-position":"center center","background-size":"auto","background-attachment":"scroll","background-type":"","background-media":"","overlay-type":"","overlay-color":"","overlay-opacity":"","overlay-gradient":""},"tablet":{"background-color":"var(--ast-global-color-4)","background-image":"","background-repeat":"repeat","background-position":"center center","background-size":"auto","background-attachment":"scroll","background-type":"","background-media":"","overlay-type":"","overlay-color":"","overlay-opacity":"","overlay-gradient":""},"mobile":{"background-color":"var(--ast-global-color-4)","background-image":"","background-repeat":"repeat","background-position":"center center","background-size":"auto","background-attachment":"scroll","background-type":"","background-media":"","overlay-type":"","overlay-color":"","overlay-opacity":"","overlay-gradient":""}},"_joinchat":[]},"product_brand":[18],"product_cat":[15,26],"product_tag":[],"class_list":{"0":"post-1090","1":"product","2":"type-product","3":"status-publish","4":"has-post-thumbnail","6":"product_brand-tattoo-vision","7":"product_cat-gafas-para-tatuadores","8":"product_cat-gafas","9":"desktop-align-left","10":"tablet-align-left","11":"mobile-align-left","12":"ast-product-gallery-layout-horizontal-slider","13":"ast-product-tabs-layout-accordion","15":"first","16":"instock","17":"sold-individually","18":"shipping-taxable","19":"purchasable","20":"product-type-simple"},"acf":[],"uagb_featured_image_src":{"full":["https:\/\/tattoovision.com\/wp-content\/uploads\/2025\/11\/LINNER-A.webp",1440,1800,false],"thumbnail":["https:\/\/tattoovision.com\/wp-content\/uploads\/2025\/11\/LINNER-A-150x150.webp",150,150,true],"medium":["https:\/\/tattoovision.com\/wp-content\/uploads\/2025\/11\/LINNER-A-240x300.webp",240,300,true],"medium_large":["https:\/\/tattoovision.com\/wp-content\/uploads\/2025\/11\/LINNER-A-768x960.webp",768,960,true],"large":["https:\/\/tattoovision.com\/wp-content\/uploads\/2025\/11\/LINNER-A-819x1024.webp",819,1024,true],"1536x1536":["https:\/\/tattoovision.com\/wp-content\/uploads\/2025\/11\/LINNER-A-1229x1536.webp",1229,1536,true],"2048x2048":["https:\/\/tattoovision.com\/wp-content\/uploads\/2025\/11\/LINNER-A.webp",1440,1800,false],"trp-custom-language-flag":["https:\/\/tattoovision.com\/wp-content\/uploads\/2025\/11\/LINNER-A-10x12.webp",10,12,true],"woocommerce_thumbnail":["https:\/\/tattoovision.com\/wp-content\/uploads\/2025\/11\/LINNER-A-400x400.webp",400,400,true],"woocommerce_single":["https:\/\/tattoovision.com\/wp-content\/uploads\/2025\/11\/LINNER-A-700x875.webp",700,875,true],"woocommerce_gallery_thumbnail":["https:\/\/tattoovision.com\/wp-content\/uploads\/2025\/11\/LINNER-A-100x100.webp",100,100,true]},"uagb_author_info":{"display_name":"Duedyn Carrillo","author_link":"https:\/\/tattoovision.com\/eng\/author\/"},"uagb_comment_info":0,"uagb_excerpt":"Nuestras Gafas Liner | Tattoo Vision son pura precisi\u00f3n estructural. Un dise\u00f1o t\u00e9cnico, afilado y moderno en Titanio color gunmetal (plomo oscuro). Puedes llevar el sistema completo para eliminar el 100% de los reflejos y la fatiga visual. Si no posees nuestro sistema te invitamos a a\u00f1adir al carrito nuestro \u201cLuz led + Articulaciones +&hellip;","jetpack_sharing_enabled":true,"_links":{"self":[{"href":"https:\/\/tattoovision.com\/eng\/wp-json\/wp\/v2\/product\/1090","targetHints":{"allow":["GET"]}}],"collection":[{"href":"https:\/\/tattoovision.com\/eng\/wp-json\/wp\/v2\/product"}],"about":[{"href":"https:\/\/tattoovision.com\/eng\/wp-json\/wp\/v2\/types\/product"}],"replies":[{"embeddable":true,"href":"https:\/\/tattoovision.com\/eng\/wp-json\/wp\/v2\/comments?post=1090"}],"version-history":[{"count":0,"href":"https:\/\/tattoovision.com\/eng\/wp-json\/wp\/v2\/product\/1090\/revisions"}],"wp:featuredmedia":[{"embeddable":true,"href":"https:\/\/tattoovision.com\/eng\/wp-json\/wp\/v2\/media\/1897"}],"wp:attachment":[{"href":"https:\/\/tattoovision.com\/eng\/wp-json\/wp\/v2\/media?parent=1090"}],"wp:term":[{"taxonomy":"product_brand","embeddable":true,"href":"https:\/\/tattoovision.com\/eng\/wp-json\/wp\/v2\/product_brand?post=1090"},{"taxonomy":"product_cat","embeddable":true,"href":"https:\/\/tattoovision.com\/eng\/wp-json\/wp\/v2\/product_cat?post=1090"},{"taxonomy":"product_tag","embeddable":true,"href":"https:\/\/tattoovision.com\/eng\/wp-json\/wp\/v2\/product_tag?post=1090"}],"curies":[{"name":"wp","href":"https:\/\/api.w.org\/{rel}","templated":true}]}}