{"id":895,"date":"2025-11-16T07:24:17","date_gmt":"2025-11-16T12:24:17","guid":{"rendered":"https:\/\/tattoovision.com\/?page_id=895"},"modified":"2025-11-16T11:12:29","modified_gmt":"2025-11-16T16:12:29","slug":"politica-de-envios","status":"publish","type":"page","link":"https:\/\/tattoovision.com\/eng\/politica-de-envios\/","title":{"rendered":"Pol\u00edtica de Env\u00edos"},"content":{"rendered":"<div data-elementor-type=\"wp-page\" data-elementor-id=\"895\" class=\"elementor elementor-895\" data-elementor-post-type=\"page\">\n\t\t\t\t<div data-particle_enable=\"false\" data-particle-mobile-disabled=\"false\" class=\"elementor-element elementor-element-190017b e-flex e-con-boxed e-con e-parent\" data-id=\"190017b\" data-element_type=\"container\" data-e-type=\"container\">\n\t\t\t\t\t<div class=\"e-con-inner\">\n\t\t\t\t<div class=\"elementor-element elementor-element-92cce05 elementor-widget elementor-widget-heading\" data-id=\"92cce05\" data-element_type=\"widget\" data-e-type=\"widget\" data-widget_type=\"heading.default\">\n\t\t\t\t\t<h1 class=\"elementor-heading-title elementor-size-default\">Pol\u00edtica de Env\u00edos<\/h1>\t\t\t\t<\/div>\n\t\t\t\t<div class=\"elementor-element elementor-element-b49bff5 elementor-widget elementor-widget-text-editor\" data-id=\"b49bff5\" data-element_type=\"widget\" data-e-type=\"widget\" data-widget_type=\"text-editor.default\">\n\t\t\t\t\t\t\t\t\t<p>Queremos que recibas tu sistema Tattoo Vision\u00ae de la manera m\u00e1s r\u00e1pida y segura posible. Aqu\u00ed te explicamos c\u00f3mo funciona nuestro proceso de env\u00edo desde nuestra sede en <b>Medell\u00edn, Colombia<\/b>.<\/p>\t\t\t\t\t\t\t\t<\/div>\n\t\t\t\t\t<\/div>\n\t\t\t\t<\/div>\n\t\t<div data-particle_enable=\"false\" data-particle-mobile-disabled=\"false\" class=\"elementor-element elementor-element-329b741 e-flex e-con-boxed e-con e-parent\" data-id=\"329b741\" data-element_type=\"container\" data-e-type=\"container\">\n\t\t\t\t\t<div class=\"e-con-inner\">\n\t\t\t\t<div class=\"elementor-element elementor-element-b872dd7 elementor-widget-divider--view-line elementor-widget elementor-widget-divider\" data-id=\"b872dd7\" data-element_type=\"widget\" data-e-type=\"widget\" data-widget_type=\"divider.default\">\n\t\t\t\t\t\t\t<div class=\"elementor-divider\">\n\t\t\t<span class=\"elementor-divider-separator\">\n\t\t\t\t\t\t<\/span>\n\t\t<\/div>\n\t\t\t\t\t\t<\/div>\n\t\t\t\t\t<\/div>\n\t\t\t\t<\/div>\n\t\t<div data-particle_enable=\"false\" data-particle-mobile-disabled=\"false\" class=\"elementor-element elementor-element-12b62cd e-flex e-con-boxed e-con e-parent\" data-id=\"12b62cd\" data-element_type=\"container\" data-e-type=\"container\">\n\t\t\t\t\t<div class=\"e-con-inner\">\n\t\t\t\t<div class=\"elementor-element elementor-element-74a5499 elementor-widget elementor-widget-heading\" data-id=\"74a5499\" data-element_type=\"widget\" data-e-type=\"widget\" data-widget_type=\"heading.default\">\n\t\t\t\t\t<h2 class=\"elementor-heading-title elementor-size-default\">1. Tiempos de Procesamiento<\/h2>\t\t\t\t<\/div>\n\t\t\t\t<div class=\"elementor-element elementor-element-8ebdb7d elementor-widget elementor-widget-text-editor\" data-id=\"8ebdb7d\" data-element_type=\"widget\" data-e-type=\"widget\" data-widget_type=\"text-editor.default\">\n\t\t\t\t\t\t\t\t\t<p data-path-to-node=\"7\">Todos los pedidos se procesan en un plazo de <b>1 a 3 d\u00edas h\u00e1biles<\/b> (de lunes a viernes, excluyendo festivos en Colombia) despu\u00e9s de recibir la confirmaci\u00f3n de pago.<\/p><p data-path-to-node=\"8\">Recibir\u00e1s una notificaci\u00f3n por correo electr\u00f3nico cuando tu pedido haya sido enviado, la cual incluir\u00e1 tu n\u00famero de gu\u00eda o seguimiento.<\/p>\t\t\t\t\t\t\t\t<\/div>\n\t\t\t\t\t<\/div>\n\t\t\t\t<\/div>\n\t\t<div data-particle_enable=\"false\" data-particle-mobile-disabled=\"false\" class=\"elementor-element elementor-element-5766bfe e-flex e-con-boxed e-con e-parent\" data-id=\"5766bfe\" data-element_type=\"container\" data-e-type=\"container\">\n\t\t\t\t\t<div class=\"e-con-inner\">\n\t\t\t\t<div class=\"elementor-element elementor-element-989f9a7 elementor-widget-divider--view-line elementor-widget elementor-widget-divider\" data-id=\"989f9a7\" data-element_type=\"widget\" data-e-type=\"widget\" data-widget_type=\"divider.default\">\n\t\t\t\t\t\t\t<div class=\"elementor-divider\">\n\t\t\t<span class=\"elementor-divider-separator\">\n\t\t\t\t\t\t<\/span>\n\t\t<\/div>\n\t\t\t\t\t\t<\/div>\n\t\t\t\t\t<\/div>\n\t\t\t\t<\/div>\n\t\t<div data-particle_enable=\"false\" data-particle-mobile-disabled=\"false\" class=\"elementor-element elementor-element-b2cd824 e-flex e-con-boxed e-con e-parent\" data-id=\"b2cd824\" data-element_type=\"container\" data-e-type=\"container\">\n\t\t\t\t\t<div class=\"e-con-inner\">\n\t\t\t\t<div class=\"elementor-element elementor-element-8029c05 elementor-widget elementor-widget-heading\" data-id=\"8029c05\" data-element_type=\"widget\" data-e-type=\"widget\" data-widget_type=\"heading.default\">\n\t\t\t\t\t<h2 class=\"elementor-heading-title elementor-size-default\">2. Env\u00edos Nacionales (Colombia)<\/h2>\t\t\t\t<\/div>\n\t\t\t\t<div class=\"elementor-element elementor-element-d888abd elementor-widget elementor-widget-text-editor\" data-id=\"d888abd\" data-element_type=\"widget\" data-e-type=\"widget\" data-widget_type=\"text-editor.default\">\n\t\t\t\t\t\t\t\t\t<p data-path-to-node=\"11\">Para todos los env\u00edos dentro del territorio colombiano, trabajamos con nuestro aliado log\u00edstico <b>Interrapid\u00edsimo<\/b>.<\/p><ul data-path-to-node=\"12\"><li><p data-path-to-node=\"12,0,0\"><b>Transportista:<\/b> Interrapid\u00edsimo.<\/p><\/li><li><p data-path-to-node=\"12,1,0\"><b>Tiempo Estimado de Entrega:<\/b> Una vez procesado, el tiempo de entrega est\u00e1ndar es de <b>2 a 5 d\u00edas h\u00e1biles<\/b>, dependiendo de la ciudad de destino.<\/p><\/li><li><p data-path-to-node=\"12,2,0\"><b>Costo:<\/b> El costo del env\u00edo se calcular\u00e1 autom\u00e1ticamente y se mostrar\u00e1 en la pantalla de pago (checkout) antes de finalizar tu compra.<\/p><\/li><li><p data-path-to-node=\"12,3,0\"><b>Seguimiento:<\/b> Recibir\u00e1s un n\u00famero de gu\u00eda de Interrapid\u00edsimo para rastrear tu paquete en tiempo real.<\/p><\/li><\/ul>\t\t\t\t\t\t\t\t<\/div>\n\t\t\t\t\t<\/div>\n\t\t\t\t<\/div>\n\t\t<div data-particle_enable=\"false\" data-particle-mobile-disabled=\"false\" class=\"elementor-element elementor-element-da224cb e-flex e-con-boxed e-con e-parent\" data-id=\"da224cb\" data-element_type=\"container\" data-e-type=\"container\">\n\t\t\t\t\t<div class=\"e-con-inner\">\n\t\t\t\t<div class=\"elementor-element elementor-element-c889373 elementor-widget-divider--view-line elementor-widget elementor-widget-divider\" data-id=\"c889373\" data-element_type=\"widget\" data-e-type=\"widget\" data-widget_type=\"divider.default\">\n\t\t\t\t\t\t\t<div class=\"elementor-divider\">\n\t\t\t<span class=\"elementor-divider-separator\">\n\t\t\t\t\t\t<\/span>\n\t\t<\/div>\n\t\t\t\t\t\t<\/div>\n\t\t\t\t\t<\/div>\n\t\t\t\t<\/div>\n\t\t<div data-particle_enable=\"false\" data-particle-mobile-disabled=\"false\" class=\"elementor-element elementor-element-f645a6f e-flex e-con-boxed e-con e-parent\" data-id=\"f645a6f\" data-element_type=\"container\" data-e-type=\"container\">\n\t\t\t\t\t<div class=\"e-con-inner\">\n\t\t\t\t<div class=\"elementor-element elementor-element-c264511 elementor-widget elementor-widget-heading\" data-id=\"c264511\" data-element_type=\"widget\" data-e-type=\"widget\" data-widget_type=\"heading.default\">\n\t\t\t\t\t<h2 class=\"elementor-heading-title elementor-size-default\">3. Env\u00edos Internacionales (Resto del Mundo)<\/h2>\t\t\t\t<\/div>\n\t\t\t\t<div class=\"elementor-element elementor-element-d41f1bc elementor-widget elementor-widget-text-editor\" data-id=\"d41f1bc\" data-element_type=\"widget\" data-e-type=\"widget\" data-widget_type=\"text-editor.default\">\n\t\t\t\t\t\t\t\t\t<p data-path-to-node=\"15\">Para nuestros artistas alrededor del mundo, confiamos en la red global de <b>DHL Express<\/b> para asegurar una entrega r\u00e1pida y fiable.<\/p><ul data-path-to-node=\"16\"><li><p data-path-to-node=\"16,0,0\"><b>Transportista:<\/b> DHL Express.<\/p><\/li><li><p data-path-to-node=\"16,1,0\"><b>Tiempo Estimado de Entrega:<\/b> Una vez procesado, el tiempo de entrega internacional var\u00eda, pero generalmente es de <b>5 a 10 d\u00edas h\u00e1biles<\/b>. (Este tiempo puede variar significativamente dependiendo de los procesos de aduana de cada pa\u00eds).<\/p><\/li><li><p data-path-to-node=\"16,2,0\"><b>Costo:<\/b> El costo de env\u00edo internacional se calcular\u00e1 autom\u00e1ticamente en el checkout, basado en tu ubicaci\u00f3n y el peso\/dimensiones del paquete.<\/p><\/li><\/ul>\t\t\t\t\t\t\t\t<\/div>\n\t\t\t\t\t<\/div>\n\t\t\t\t<\/div>\n\t\t<div data-particle_enable=\"false\" data-particle-mobile-disabled=\"false\" class=\"elementor-element elementor-element-e725e7a e-flex e-con-boxed e-con e-parent\" data-id=\"e725e7a\" data-element_type=\"container\" data-e-type=\"container\">\n\t\t\t\t\t<div class=\"e-con-inner\">\n\t\t\t\t<div class=\"elementor-element elementor-element-471e79e elementor-widget-divider--view-line elementor-widget elementor-widget-divider\" data-id=\"471e79e\" data-element_type=\"widget\" data-e-type=\"widget\" data-widget_type=\"divider.default\">\n\t\t\t\t\t\t\t<div class=\"elementor-divider\">\n\t\t\t<span class=\"elementor-divider-separator\">\n\t\t\t\t\t\t<\/span>\n\t\t<\/div>\n\t\t\t\t\t\t<\/div>\n\t\t\t\t\t<\/div>\n\t\t\t\t<\/div>\n\t\t<div data-particle_enable=\"false\" data-particle-mobile-disabled=\"false\" class=\"elementor-element elementor-element-9e7051c e-flex e-con-boxed e-con e-parent\" data-id=\"9e7051c\" data-element_type=\"container\" data-e-type=\"container\">\n\t\t\t\t\t<div class=\"e-con-inner\">\n\t\t\t\t<div class=\"elementor-element elementor-element-18b3a8d elementor-widget elementor-widget-heading\" data-id=\"18b3a8d\" data-element_type=\"widget\" data-e-type=\"widget\" data-widget_type=\"heading.default\">\n\t\t\t\t\t<h2 class=\"elementor-heading-title elementor-size-default\">4. Aduanas, Impuestos y Aranceles (Importante)<\/h2>\t\t\t\t<\/div>\n\t\t\t\t<div class=\"elementor-element elementor-element-f2a538e elementor-widget elementor-widget-text-editor\" data-id=\"f2a538e\" data-element_type=\"widget\" data-e-type=\"widget\" data-widget_type=\"text-editor.default\">\n\t\t\t\t\t\t\t\t\t<p data-path-to-node=\"19\">Esta secci\u00f3n es crucial para todos nuestros clientes internacionales.<\/p><ul data-path-to-node=\"20\"><li><p data-path-to-node=\"20,0,0\"><b>Responsabilidad del Cliente:<\/b> Tu pedido puede estar sujeto a <b>impuestos de importaci\u00f3n, aranceles aduaneros y\/o tasas<\/b> cobradas por el pa\u00eds de destino. Estos cargos son establecidos por la oficina de aduanas local.<\/p><\/li><li><p data-path-to-node=\"20,1,0\"><b>El pago de estas tarifas (si aplican) es responsabilidad exclusiva del cliente (importador).<\/b> Tattoo Vision no tiene control sobre estos cargos y no podemos predecir su monto.<\/p><\/li><li><p data-path-to-node=\"20,2,0\">Te recomendamos contactar a tu oficina de aduanas local para obtener m\u00e1s informaci\u00f3n sobre las pol\u00edticas y costos antes de realizar tu pedido.<\/p><\/li><\/ul><p data-path-to-node=\"21\"><b>\u00bfQu\u00e9 pasa si rechazo el paquete?<\/b> Si un pedido internacional es rechazado por el cliente debido a la negativa de pagar los impuestos y aranceles de aduana, el paquete ser\u00e1 devuelto a Colombia. En este caso, <b>los costos de env\u00edo originales y cualquier costo de env\u00edo de retorno o tasas de importaci\u00f3n cobradas a Tattoo Vision ser\u00e1n deducidos de tu reembolso.<\/b><\/p>\t\t\t\t\t\t\t\t<\/div>\n\t\t\t\t\t<\/div>\n\t\t\t\t<\/div>\n\t\t<div data-particle_enable=\"false\" data-particle-mobile-disabled=\"false\" class=\"elementor-element elementor-element-683f497 e-flex e-con-boxed e-con e-parent\" data-id=\"683f497\" data-element_type=\"container\" data-e-type=\"container\">\n\t\t\t\t\t<div class=\"e-con-inner\">\n\t\t\t\t<div class=\"elementor-element elementor-element-69b78d2 elementor-widget-divider--view-line elementor-widget elementor-widget-divider\" data-id=\"69b78d2\" data-element_type=\"widget\" data-e-type=\"widget\" data-widget_type=\"divider.default\">\n\t\t\t\t\t\t\t<div class=\"elementor-divider\">\n\t\t\t<span class=\"elementor-divider-separator\">\n\t\t\t\t\t\t<\/span>\n\t\t<\/div>\n\t\t\t\t\t\t<\/div>\n\t\t\t\t\t<\/div>\n\t\t\t\t<\/div>\n\t\t<div data-particle_enable=\"false\" data-particle-mobile-disabled=\"false\" class=\"elementor-element elementor-element-f3866eb e-flex e-con-boxed e-con e-parent\" data-id=\"f3866eb\" data-element_type=\"container\" data-e-type=\"container\">\n\t\t\t\t\t<div class=\"e-con-inner\">\n\t\t\t\t<div class=\"elementor-element elementor-element-8ffb3a9 elementor-widget elementor-widget-heading\" data-id=\"8ffb3a9\" data-element_type=\"widget\" data-e-type=\"widget\" data-widget_type=\"heading.default\">\n\t\t\t\t\t<h2 class=\"elementor-heading-title elementor-size-default\">5. Seguimiento de tu Pedido<\/h2>\t\t\t\t<\/div>\n\t\t\t\t<div class=\"elementor-element elementor-element-970b2dd elementor-widget elementor-widget-text-editor\" data-id=\"970b2dd\" data-element_type=\"widget\" data-e-type=\"widget\" data-widget_type=\"text-editor.default\">\n\t\t\t\t\t\t\t\t\t<p data-path-to-node=\"24\">Una vez que tu pedido sea enviado, recibir\u00e1s un correo electr\u00f3nico de confirmaci\u00f3n de env\u00edo que contendr\u00e1 tu <b>n\u00famero de gu\u00eda\/seguimiento<\/b>.<\/p><p data-path-to-node=\"25\">Por favor, permite que pasen de 24 a 48 horas para que la informaci\u00f3n de seguimiento se active en el sistema del transportista (Interrapid\u00edsimo o DHL).<\/p>\t\t\t\t\t\t\t\t<\/div>\n\t\t\t\t\t<\/div>\n\t\t\t\t<\/div>\n\t\t<div data-particle_enable=\"false\" data-particle-mobile-disabled=\"false\" class=\"elementor-element elementor-element-52a462c e-flex e-con-boxed e-con e-parent\" data-id=\"52a462c\" data-element_type=\"container\" data-e-type=\"container\">\n\t\t\t\t\t<div class=\"e-con-inner\">\n\t\t\t\t<div class=\"elementor-element elementor-element-7b8c333 elementor-widget-divider--view-line elementor-widget elementor-widget-divider\" data-id=\"7b8c333\" data-element_type=\"widget\" data-e-type=\"widget\" data-widget_type=\"divider.default\">\n\t\t\t\t\t\t\t<div class=\"elementor-divider\">\n\t\t\t<span class=\"elementor-divider-separator\">\n\t\t\t\t\t\t<\/span>\n\t\t<\/div>\n\t\t\t\t\t\t<\/div>\n\t\t\t\t\t<\/div>\n\t\t\t\t<\/div>\n\t\t<div data-particle_enable=\"false\" data-particle-mobile-disabled=\"false\" class=\"elementor-element elementor-element-da6a3c9 e-flex e-con-boxed e-con e-parent\" data-id=\"da6a3c9\" data-element_type=\"container\" data-e-type=\"container\">\n\t\t\t\t\t<div class=\"e-con-inner\">\n\t\t\t\t<div class=\"elementor-element elementor-element-533b0a9 elementor-widget elementor-widget-heading\" data-id=\"533b0a9\" data-element_type=\"widget\" data-e-type=\"widget\" data-widget_type=\"heading.default\">\n\t\t\t\t\t<h2 class=\"elementor-heading-title elementor-size-default\">6. Informaci\u00f3n Adicional<\/h2>\t\t\t\t<\/div>\n\t\t\t\t<div class=\"elementor-element elementor-element-90fb8e3 elementor-widget elementor-widget-text-editor\" data-id=\"90fb8e3\" data-element_type=\"widget\" data-e-type=\"widget\" data-widget_type=\"text-editor.default\">\n\t\t\t\t\t\t\t\t\t<ul><li><p data-path-to-node=\"28,0,0\"><b>Direcciones Incorrectas:<\/b> Es responsabilidad del cliente proporcionar una direcci\u00f3n de env\u00edo completa y correcta al momento de la compra. Tattoo Vision no se hace responsable por paquetes perdidos o devueltos debido a una direcci\u00f3n incorrecta o incompleta.<\/p><\/li><li><p data-path-to-node=\"28,1,0\"><b>Paquetes Perdidos o Robados:<\/b> Tattoo Vision no se hace responsable por paquetes perdidos o robados <i>despu\u00e9s<\/i> de que el transportista (Interrapid\u00edsimo o DHL) haya marcado el env\u00edo como <b>&#8220;Entregado&#8221;<\/b> en la direcci\u00f3n proporcionada.<\/p><\/li><\/ul>\t\t\t\t\t\t\t\t<\/div>\n\t\t\t\t\t<\/div>\n\t\t\t\t<\/div>\n\t\t<div data-particle_enable=\"false\" data-particle-mobile-disabled=\"false\" class=\"elementor-element elementor-element-fd7acfd e-flex e-con-boxed e-con e-parent\" data-id=\"fd7acfd\" data-element_type=\"container\" data-e-type=\"container\">\n\t\t\t\t\t<div class=\"e-con-inner\">\n\t\t\t\t<div class=\"elementor-element elementor-element-c8cf988 elementor-widget elementor-widget-spacer\" data-id=\"c8cf988\" data-element_type=\"widget\" data-e-type=\"widget\" data-widget_type=\"spacer.default\">\n\t\t\t\t\t\t\t<div class=\"elementor-spacer\">\n\t\t\t<div class=\"elementor-spacer-inner\"><\/div>\n\t\t<\/div>\n\t\t\t\t\t\t<\/div>\n\t\t\t\t\t<\/div>\n\t\t\t\t<\/div>\n\t\t\t\t<\/div>","protected":false},"excerpt":{"rendered":"<p>Pol\u00edtica de Env\u00edos Queremos que recibas tu sistema Tattoo Vision\u00ae de la manera m\u00e1s r\u00e1pida y segura posible. Aqu\u00ed te [&hellip;]<\/p>\n","protected":false},"author":1,"featured_media":0,"parent":0,"menu_order":0,"comment_status":"closed","ping_status":"closed","template":"","meta":{"_acf_changed":false,"_uag_custom_page_level_css":"","site-sidebar-layout":"no-sidebar","site-content-layout":"","ast-site-content-layout":"full-width-container","site-content-style":"default","site-sidebar-style":"default","ast-global-header-display":"","ast-banner-title-visibility":"","ast-main-header-display":"","ast-hfb-above-header-display":"","ast-hfb-below-header-display":"","ast-hfb-mobile-header-display":"","site-post-title":"disabled","ast-breadcrumbs-content":"","ast-featured-img":"disabled","footer-sml-layout":"","ast-disable-related-posts":"","theme-transparent-header-meta":"","adv-header-id-meta":"","stick-header-meta":"","header-above-stick-meta":"","header-main-stick-meta":"","header-below-stick-meta":"","astra-migrate-meta-layouts":"default","ast-page-background-enabled":"default","ast-page-background-meta":{"desktop":{"background-color":"var(--ast-global-color-5)","background-image":"","background-repeat":"repeat","background-position":"center center","background-size":"auto","background-attachment":"scroll","background-type":"","background-media":"","overlay-type":"","overlay-color":"","overlay-opacity":"","overlay-gradient":""},"tablet":{"background-color":"","background-image":"","background-repeat":"repeat","background-position":"center center","background-size":"auto","background-attachment":"scroll","background-type":"","background-media":"","overlay-type":"","overlay-color":"","overlay-opacity":"","overlay-gradient":""},"mobile":{"background-color":"","background-image":"","background-repeat":"repeat","background-position":"center center","background-size":"auto","background-attachment":"scroll","background-type":"","background-media":"","overlay-type":"","overlay-color":"","overlay-opacity":"","overlay-gradient":""}},"ast-content-background-meta":{"desktop":{"background-color":"var(--ast-global-color-4)","background-image":"","background-repeat":"repeat","background-position":"center center","background-size":"auto","background-attachment":"scroll","background-type":"","background-media":"","overlay-type":"","overlay-color":"","overlay-opacity":"","overlay-gradient":""},"tablet":{"background-color":"var(--ast-global-color-4)","background-image":"","background-repeat":"repeat","background-position":"center center","background-size":"auto","background-attachment":"scroll","background-type":"","background-media":"","overlay-type":"","overlay-color":"","overlay-opacity":"","overlay-gradient":""},"mobile":{"background-color":"var(--ast-global-color-4)","background-image":"","background-repeat":"repeat","background-position":"center center","background-size":"auto","background-attachment":"scroll","background-type":"","background-media":"","overlay-type":"","overlay-color":"","overlay-opacity":"","overlay-gradient":""}},"_joinchat":[],"footnotes":""},"class_list":["post-895","page","type-page","status-publish","hentry"],"acf":[],"_hostinger_reach_plugin_has_subscription_block":false,"_hostinger_reach_plugin_is_elementor":false,"uagb_featured_image_src":{"full":false,"thumbnail":false,"medium":false,"medium_large":false,"large":false,"1536x1536":false,"2048x2048":false,"trp-custom-language-flag":false,"woocommerce_thumbnail":false,"woocommerce_single":false,"woocommerce_gallery_thumbnail":false},"uagb_author_info":{"display_name":"Duedyn Carrillo","author_link":"https:\/\/tattoovision.com\/eng\/author\/tattoovisionprogmail-com\/"},"uagb_comment_info":0,"uagb_excerpt":"Pol\u00edtica de Env\u00edos Queremos que recibas tu sistema Tattoo Vision\u00ae de la manera m\u00e1s r\u00e1pida y segura posible. Aqu\u00ed te [&hellip;]","jetpack_sharing_enabled":true,"_links":{"self":[{"href":"https:\/\/tattoovision.com\/eng\/wp-json\/wp\/v2\/pages\/895","targetHints":{"allow":["GET"]}}],"collection":[{"href":"https:\/\/tattoovision.com\/eng\/wp-json\/wp\/v2\/pages"}],"about":[{"href":"https:\/\/tattoovision.com\/eng\/wp-json\/wp\/v2\/types\/page"}],"author":[{"embeddable":true,"href":"https:\/\/tattoovision.com\/eng\/wp-json\/wp\/v2\/users\/1"}],"replies":[{"embeddable":true,"href":"https:\/\/tattoovision.com\/eng\/wp-json\/wp\/v2\/comments?post=895"}],"version-history":[{"count":0,"href":"https:\/\/tattoovision.com\/eng\/wp-json\/wp\/v2\/pages\/895\/revisions"}],"wp:attachment":[{"href":"https:\/\/tattoovision.com\/eng\/wp-json\/wp\/v2\/media?parent=895"}],"curies":[{"name":"wp","href":"https:\/\/api.w.org\/{rel}","templated":true}]}}